{"id":10385,"date":"2022-02-22T01:53:08","date_gmt":"2022-02-21T16:53:08","guid":{"rendered":"https:\/\/onigiri.ph\/privacy-policy\/"},"modified":"2025-03-27T22:17:58","modified_gmt":"2025-03-27T13:17:58","slug":"privacy-policy","status":"publish","type":"page","link":"https:\/\/onigiri.webtomo.com\/es\/privacy-policy\/","title":{"rendered":"Pol\u00edtica de Privacidad"},"content":{"rendered":"\n<hr class=\"wp-block-separator has-alpha-channel-opacity\"\/>\n\n\n\n<p>Fecha de entrada en vigor: [2023\/7\/20]<\/p>\n\n\n\n<p>Esta pol\u00edtica de privacidad integral describe nuestro compromiso de proteger su informaci\u00f3n personal cuando utiliza los sitios web de Onigiri Suki Card, los servicios del programa de lealtad y las aplicaciones relacionadas (colectivamente, nuestros \u00abServicios\u00bb). Este documento detalla c\u00f3mo su informaci\u00f3n es recopilada, utilizada, divulgada y protegida por Suki Card (\u00abnosotros\u00bb, \u00abnuestro\u00bb o \u00abnos\u00bb). Por favor, revise esta pol\u00edtica de privacidad cuidadosamente para entender nuestras pr\u00e1cticas con respecto a sus datos personales y c\u00f3mo los trataremos.<\/p>\n\n\n\n<h2 class=\"wp-block-heading\">Introducci\u00f3n y Resumen<\/h2>\n\n\n\n<p>Suki Card es operada por Onigiri Marketing Campaign Services, que act\u00faa como el controlador de datos para la informaci\u00f3n recopilada a trav\u00e9s de nuestros Servicios. Al acceder y utilizar nuestros Servicios, usted reconoce que ha le\u00eddo y entendido esta pol\u00edtica de privacidad. Podemos actualizar esta pol\u00edtica de privacidad peri\u00f3dicamente, y le notificaremos sobre cualquier cambio significativo actualizando la fecha de entrada en vigor en la parte inferior de esta pol\u00edtica y, cuando sea apropiado, proporcionando un aviso adicional a trav\u00e9s de nuestro sitio web o comunicaci\u00f3n directa.<\/p>\n\n\n\n<p>Nuestros Servicios no est\u00e1n destinados a individuos menores de 18 a\u00f1os, y no recopilamos intencionalmente datos de ni\u00f1os.<\/p>\n\n\n\n<h2 class=\"wp-block-heading\">Recopilaci\u00f3n de Informaci\u00f3n<\/h2>\n\n\n\n<p>Recopilamos varios tipos de informaci\u00f3n para proporcionar y mejorar nuestros Servicios. Los tipos de informaci\u00f3n personal que recopilamos dependen de c\u00f3mo interact\u00faa con nosotros.<\/p>\n\n\n\n<h3 class=\"wp-block-heading\">Informaci\u00f3n que Proporciona Directamente<\/h3>\n\n\n\n<p>Cuando crea una cuenta, participa en nuestro programa de lealtad, realiza compras o se involucra de otra manera con nuestros Servicios, recopilamos informaci\u00f3n que nos proporciona directamente, incluyendo:<\/p>\n\n\n\n<ul class=\"wp-block-list\">\n<li>Informaci\u00f3n de identificaci\u00f3n personal (nombre, direcci\u00f3n de correo electr\u00f3nico, n\u00famero de tel\u00e9fono)<\/li>\n\n\n\n<li>Informaci\u00f3n de contacto (direcci\u00f3n de facturaci\u00f3n, direcci\u00f3n de env\u00edo)<\/li>\n\n\n\n<li>Informaci\u00f3n de pago (detalles de la tarjeta de cr\u00e9dito, preferencias de m\u00e9todo de pago)<\/li>\n\n\n\n<li>Credenciales de cuenta (nombre de usuario, contrase\u00f1a)<\/li>\n\n\n\n<li>Informaci\u00f3n de perfil (foto de perfil, preferencias, intereses)<\/li>\n\n\n\n<li>Contenido de comunicaci\u00f3n (cuando se comunica con el servicio al cliente o se comunica con nosotros)<\/li>\n\n\n\n<li>Datos de transacciones (historial de compras, detalles de pedidos, informaci\u00f3n de env\u00edo)<\/li>\n\n\n\n<li>Cualquier otra informaci\u00f3n que elija proporcionar<\/li>\n<\/ul>\n\n\n\n<p>La informaci\u00f3n de pago es procesada por nuestros procesadores de pago de terceros (Stripe y PayPal) de acuerdo con sus respectivas pol\u00edticas de privacidad, que se pueden encontrar en&nbsp;<a href=\"https:\/\/stripe.com\/privacy\" target=\"_blank\" rel=\"noopener\">este enlace<\/a>&nbsp;y&nbsp;<a href=\"https:\/\/www.paypal.com\/privacy\" target=\"_blank\" rel=\"noopener\">este enlace<\/a>.<\/p>\n\n\n\n<h3 class=\"wp-block-heading\">Informaci\u00f3n Recopilada Autom\u00e1ticamente<\/h3>\n\n\n\n<p>Cuando accede o utiliza nuestros Servicios, recopilamos autom\u00e1ticamente cierta informaci\u00f3n sobre su dispositivo y uso, incluyendo:<\/p>\n\n\n\n<ul class=\"wp-block-list\">\n<li>Informaci\u00f3n del dispositivo: tipo de navegador, sistema operativo, tipo de dispositivo, direcci\u00f3n IP y otra informaci\u00f3n t\u00e9cnica<\/li>\n\n\n\n<li>Datos de registro: tiempos de acceso, p\u00e1ginas vistas, sitios web de referencia y patrones de navegaci\u00f3n<\/li>\n\n\n\n<li>Informaci\u00f3n de ubicaci\u00f3n: ubicaci\u00f3n general basada en la direcci\u00f3n IP<\/li>\n\n\n\n<li>Cookies y Tecnolog\u00edas Similares: datos recopilados a trav\u00e9s de cookies, balizas web, p\u00edxeles y tecnolog\u00edas similares<\/li>\n<\/ul>\n\n\n\n<p>Nuestras cookies y tecnolog\u00edas de seguimiento recopilan informaci\u00f3n sobre c\u00f3mo navega e interact\u00faa con nuestros Servicios. Para obtener informaci\u00f3n m\u00e1s detallada sobre nuestro uso de cookies y c\u00f3mo gestionar sus preferencias, visite nuestra Pol\u00edtica de Cookies en&nbsp;<a href=\"\/es?page_id=9697\">este enlace<\/a>.<\/p>\n\n\n\n<h3 class=\"wp-block-heading\">Informaci\u00f3n de Terceros<\/h3>\n\n\n\n<p>Podemos recibir informaci\u00f3n sobre usted de terceros, incluyendo:<\/p>\n\n\n\n<ul class=\"wp-block-list\">\n<li>Plataformas de redes sociales cuando conecta su cuenta<\/li>\n\n\n\n<li>Socios comerciales con los que ofrecemos servicios de marca compartida<\/li>\n\n\n\n<li>Proveedores de marketing y an\u00e1lisis<\/li>\n\n\n\n<li>Otras fuentes cuando da permiso para compartir datos<\/li>\n<\/ul>\n\n\n\n<h2 class=\"wp-block-heading\">Uso de la Informaci\u00f3n<\/h2>\n\n\n\n<p>Utilizamos la informaci\u00f3n que recopilamos para diversos prop\u00f3sitos, incluyendo:<\/p>\n\n\n\n<ul class=\"wp-block-list\">\n<li>Crear y gestionar su cuenta de Suki Card<\/li>\n\n\n\n<li>Procesar sus transacciones y actividades del programa de lealtad<\/li>\n\n\n\n<li>Proporcionar, mantener y mejorar nuestros Servicios<\/li>\n\n\n\n<li>Personalizar su experiencia y ofrecer contenido relevante<\/li>\n\n\n\n<li>Enviar confirmaciones de transacciones, actualizaciones del programa y mensajes relacionados con el servicio<\/li>\n\n\n\n<li>Comunicarnos con usted sobre productos, servicios, ofertas y promociones<\/li>\n\n\n\n<li>Monitorear y analizar tendencias, uso y actividades<\/li>\n\n\n\n<li>Detectar, investigar y prevenir transacciones fraudulentas y otras actividades ilegales<\/li>\n\n\n\n<li>Proteger los derechos, propiedades y seguridad de Suki Card y otros<\/li>\n\n\n\n<li>Cumplir con obligaciones legales y hacer cumplir nuestros t\u00e9rminos<\/li>\n\n\n\n<li>Desarrollar nuevas caracter\u00edsticas y servicios basados en las preferencias de los usuarios<\/li>\n\n\n\n<li>Mejorar la seguridad y los procedimientos de evaluaci\u00f3n de riesgos<\/li>\n\n\n\n<li>Responder a consultas de servicio al cliente y solicitudes de soporte<\/li>\n\n\n\n<li>Considerarlo para un posible empleo si presenta una solicitud<\/li>\n<\/ul>\n\n\n\n<h2 class=\"wp-block-heading\">Base Legal para Procesar su Informaci\u00f3n<\/h2>\n\n\n\n<p>Procesamos su informaci\u00f3n personal en base a uno o m\u00e1s de los siguientes fundamentos legales:<\/p>\n\n\n\n<ul class=\"wp-block-list\">\n<li>Cumplimiento de nuestras obligaciones contractuales con usted cuando se registra en nuestros Servicios o realiza compras<\/li>\n\n\n\n<li>Su consentimiento, que puede retirar en cualquier momento<\/li>\n\n\n\n<li>Cumplimiento de obligaciones legales a las que estamos sujetos<\/li>\n\n\n\n<li>Nuestros intereses leg\u00edtimos en proporcionar y mejorar nuestros Servicios, proteger nuestros derechos legales y perseguir objetivos comerciales<\/li>\n<\/ul>\n\n\n\n<h2 class=\"wp-block-heading\">Compartir Informaci\u00f3n<\/h2>\n\n\n\n<p>Podemos compartir su informaci\u00f3n personal en las siguientes circunstancias:<\/p>\n\n\n\n<h3 class=\"wp-block-heading\">Proveedores de Servicios<\/h3>\n\n\n\n<p>Compartimos informaci\u00f3n con proveedores, consultores y prestadores de servicios que necesitan acceso a dicha informaci\u00f3n para proporcionar servicios en nuestro nombre, tales como:<\/p>\n\n\n\n<ul class=\"wp-block-list\">\n<li>Procesadores de pagos (Stripe, PayPal)<\/li>\n\n\n\n<li>Proveedores de alojamiento en la nube<\/li>\n\n\n\n<li>Servicios de an\u00e1lisis (Google Analytics)<\/li>\n\n\n\n<li>Socios de marketing y publicidad (Facebook, Google Ads)<\/li>\n\n\n\n<li>Servicios de atenci\u00f3n al cliente<\/li>\n\n\n\n<li>Servicios de prevenci\u00f3n de fraude y seguridad<\/li>\n<\/ul>\n\n\n\n<h3 class=\"wp-block-heading\">Transferencias Comerciales<\/h3>\n\n\n\n<p>Si Suki Card est\u00e1 involucrada en una fusi\u00f3n, adquisici\u00f3n, financiamiento, reorganizaci\u00f3n, quiebra o venta de activos de la empresa, su informaci\u00f3n puede ser transferida como parte de esa transacci\u00f3n.<\/p>\n\n\n\n<h3 class=\"wp-block-heading\">Requisitos Legales<\/h3>\n\n\n\n<p>Podemos divulgar su informaci\u00f3n si se requiere hacerlo por ley o en respuesta a solicitudes v\u00e1lidas de autoridades p\u00fablicas (como un tribunal o agencia gubernamental). Tambi\u00e9n podemos compartir informaci\u00f3n cuando creemos que la divulgaci\u00f3n es necesaria para proteger nuestros derechos, prevenir el fraude, hacer cumplir nuestras pol\u00edticas o proteger la seguridad de nuestros usuarios u otros.<\/p>\n\n\n\n<h3 class=\"wp-block-heading\">Con su Consentimiento<\/h3>\n\n\n\n<p>Podemos compartir su informaci\u00f3n con terceros cuando nos haya dado su consentimiento para hacerlo.<\/p>\n\n\n\n<h3 class=\"wp-block-heading\">Datos Agregados o Desidentificados<\/h3>\n\n\n\n<p>Podemos compartir informaci\u00f3n agregada o desidentificada, que no puede ser razonablemente utilizada para identificarlo, con terceros para investigaci\u00f3n, marketing, an\u00e1lisis y otros prop\u00f3sitos.<\/p>\n\n\n\n<h3 class=\"wp-block-heading\">Servicios y Plataformas de Terceros<\/h3>\n\n\n\n<p>Nuestros Servicios pueden contener enlaces a otros sitios web o servicios que no son propiedad o est\u00e1n controlados por Suki Card. Utilizamos varios servicios de terceros para apoyar nuestras operaciones:<\/p>\n\n\n\n<ul class=\"wp-block-list\">\n<li>Tilda para nuestra tienda en l\u00ednea (<a href=\"https:\/\/tilda.cc\/privacy\/\" target=\"_blank\" rel=\"noopener\">Pol\u00edtica de Privacidad<\/a>)<\/li>\n\n\n\n<li>Google Analytics para an\u00e1lisis de uso (<a href=\"https:\/\/www.google.com\/intl\/en\/policies\/privacy\/\" target=\"_blank\" rel=\"noopener\">Pol\u00edtica de Privacidad<\/a>)<\/li>\n\n\n\n<li>Facebook Pixel para optimizaci\u00f3n de publicidad (<a href=\"https:\/\/developers.facebook.com\/docs\/facebook-pixel\/implementation\/gdpr\/\" target=\"_blank\" rel=\"noopener\">Pol\u00edtica de Privacidad<\/a>)<\/li>\n<\/ul>\n\n\n\n<p>Podemos permitirle registrarse e iniciar sesi\u00f3n utilizando su cuenta de Google u otras cuentas de redes sociales. Si elige esta opci\u00f3n, estas plataformas le pedir\u00e1n su permiso para compartir cierta informaci\u00f3n con nosotros, que puede incluir su nombre, direcci\u00f3n de correo electr\u00f3nico, foto de perfil y otros detalles de acuerdo con sus pol\u00edticas de privacidad.<\/p>\n\n\n\n<p>No somos responsables de las pr\u00e1cticas de privacidad o el contenido de estos servicios de terceros. Le recomendamos que revise las pol\u00edticas de privacidad de cualquier servicio de terceros al que acceda.<\/p>\n\n\n\n<h2 class=\"wp-block-heading\">Publicidad Conductual y Sus Opciones<\/h2>\n\n\n\n<p>Nosotros y nuestros socios publicitarios podemos utilizar su informaci\u00f3n para entregar anuncios relevantes. Estos socios pueden recopilar informaci\u00f3n sobre sus actividades en l\u00ednea a lo largo del tiempo y a trav\u00e9s de diferentes sitios web cuando utiliza nuestros Servicios.<\/p>\n\n\n\n<p>Puede optar por no participar en publicidad dirigida a trav\u00e9s de los siguientes enlaces:<\/p>\n\n\n\n<ul class=\"wp-block-list\">\n<li>Facebook:\u00a0<a href=\"https:\/\/www.facebook.com\/settings\/?tab=ads\" target=\"_blank\" rel=\"noopener\">Configuraci\u00f3n<\/a><\/li>\n\n\n\n<li>Google:\u00a0<a href=\"https:\/\/www.google.com\/settings\/ads\/anonymous\" target=\"_blank\" rel=\"noopener\">Configuraci\u00f3n<\/a><\/li>\n\n\n\n<li>Alianza de Publicidad Digital:\u00a0<a href=\"http:\/\/optout.aboutads.info\/\" target=\"_blank\" rel=\"noopener\">Optar por no participar<\/a><\/li>\n<\/ul>\n\n\n\n<p>No alteramos nuestras pr\u00e1cticas de recopilaci\u00f3n y uso de datos cuando detectamos se\u00f1ales de No Rastrear de su navegador.<\/p>\n\n\n\n<h2 class=\"wp-block-heading\">Seguridad de los Datos<\/h2>\n\n\n\n<p>Implementamos salvaguardias t\u00e9cnicas, administrativas y f\u00edsicas apropiadas dise\u00f1adas para proteger su informaci\u00f3n personal contra el acceso no autorizado, divulgaci\u00f3n, alteraci\u00f3n y destrucci\u00f3n. Estas medidas incluyen cifrado, controles de acceso y instalaciones seguras.<\/p>\n\n\n\n<p>Sin embargo, ning\u00fan sistema de seguridad es impenetrable, y no podemos garantizar la seguridad absoluta de nuestros sistemas. Le recomendamos que tome medidas para proteger su informaci\u00f3n personal, como mantener la confidencialidad de sus credenciales de cuenta y cerrar sesi\u00f3n en su cuenta despu\u00e9s de usarla.<\/p>\n\n\n\n<h2 class=\"wp-block-heading\">Retenci\u00f3n de Datos<\/h2>\n\n\n\n<p>Retenemos su informaci\u00f3n personal durante el tiempo que sea necesario para cumplir con los prop\u00f3sitos descritos en esta Pol\u00edtica de Privacidad, a menos que se requiera o permita un per\u00edodo de retenci\u00f3n m\u00e1s largo por ley. Al determinar el per\u00edodo de retenci\u00f3n, consideramos:<\/p>\n\n\n\n<ul class=\"wp-block-list\">\n<li>El tiempo necesario para proporcionar nuestros Servicios<\/li>\n\n\n\n<li>Las obligaciones legales que debemos cumplir<\/li>\n\n\n\n<li>El plazo de prescripci\u00f3n aplicable<\/li>\n\n\n\n<li>Disputas en curso o potenciales<\/li>\n\n\n\n<li>Nuestras leg\u00edtimas intereses comerciales<\/li>\n<\/ul>\n\n\n\n<p>Cuando elimina su cuenta, podemos retener cierta informaci\u00f3n para prevenir el fraude, ayudar con investigaciones, resolver disputas, analizar patrones de uso o cumplir con requisitos legales.<\/p>\n\n\n\n<h2 class=\"wp-block-heading\">Transferencias Internacionales de Datos<\/h2>\n\n\n\n<p>Suki Card tiene su sede en Filipinas. Al utilizar nuestros Servicios, usted reconoce que su informaci\u00f3n ser\u00e1 transferida y procesada en pa\u00edses donde las leyes de protecci\u00f3n de datos pueden diferir de las de su pa\u00eds de residencia, incluyendo los Estados Unidos y otros pa\u00edses donde nosotros o nuestros proveedores de servicios operamos.<\/p>\n\n\n\n<p>Si se encuentra en el Espacio Econ\u00f3mico Europeo (EEE), el Reino Unido o Suiza, implementamos salvaguardias apropiadas para las transferencias de su informaci\u00f3n personal, como cl\u00e1usulas contractuales est\u00e1ndar aprobadas por las autoridades pertinentes.<\/p>\n\n\n\n<h2 class=\"wp-block-heading\">Sus Derechos y Opciones<\/h2>\n\n\n\n<p>Dependiendo de su ubicaci\u00f3n, puede tener ciertos derechos con respecto a su informaci\u00f3n personal:<\/p>\n\n\n\n<h3 class=\"wp-block-heading\">Para Usuarios Globales<\/h3>\n\n\n\n<ul class=\"wp-block-list\">\n<li>Acceso y Actualizaci\u00f3n: Puede acceder y actualizar cierta informaci\u00f3n a trav\u00e9s de la configuraci\u00f3n de su cuenta o contact\u00e1ndonos.<\/li>\n\n\n\n<li>Preferencias de Comunicaci\u00f3n: Puede optar por no recibir comunicaciones de marketing siguiendo las instrucciones de cancelaci\u00f3n de suscripci\u00f3n en cualquier correo electr\u00f3nico de marketing que enviemos.<\/li>\n\n\n\n<li>Cookies: Puede gestionar las cookies a trav\u00e9s de la configuraci\u00f3n de su navegador.<\/li>\n\n\n\n<li>Permisos del Dispositivo: Puede controlar los permisos (como la ubicaci\u00f3n) a trav\u00e9s de la configuraci\u00f3n de su dispositivo.<\/li>\n<\/ul>\n\n\n\n<h3 class=\"wp-block-heading\">Para Usuarios en el Espacio Econ\u00f3mico Europeo, Reino Unido y Otras Regiones<\/h3>\n\n\n\n<p>Puede tener el derecho de:<\/p>\n\n\n\n<ul class=\"wp-block-list\">\n<li>Acceso: Solicitar una copia de su informaci\u00f3n personal.<\/li>\n\n\n\n<li>Rectificaci\u00f3n: Corregir informaci\u00f3n inexacta o incompleta.<\/li>\n\n\n\n<li>Borrado: Solicitar la eliminaci\u00f3n de su informaci\u00f3n personal en ciertas circunstancias.<\/li>\n\n\n\n<li>Restricci\u00f3n: Solicitar que restrinjamos el procesamiento de su informaci\u00f3n.<\/li>\n\n\n\n<li>Portabilidad de Datos: Recibir su informaci\u00f3n en un formato estructurado y de uso com\u00fan.<\/li>\n\n\n\n<li>Objeci\u00f3n: Oponerse al procesamiento basado en intereses leg\u00edtimos o para marketing directo.<\/li>\n\n\n\n<li>Retiro de Consentimiento: Retirar el consentimiento cuando el procesamiento se basa en el consentimiento.<\/li>\n<\/ul>\n\n\n\n<p>Para ejercer estos derechos, comun\u00edquese con nosotros en&nbsp;<a href=\"mailto:excelsis@onigiri.ph\">excelsis@onigiri.ph<\/a>. Responderemos a su solicitud dentro del plazo requerido por la ley aplicable. Puede haber ciertas situaciones en las que no podamos cumplir con su solicitud, como cuando tenemos una obligaci\u00f3n legal de retener datos o necesitamos los datos para proteger nuestros derechos legales.<\/p>\n\n\n\n<h2 class=\"wp-block-heading\">Cambios en Esta Pol\u00edtica de Privacidad<\/h2>\n\n\n\n<p>Podemos actualizar esta Pol\u00edtica de Privacidad peri\u00f3dicamente para reflejar cambios en nuestras pr\u00e1cticas, requisitos legales o Servicios. Cuando realicemos cambios materiales, le notificaremos actualizando la fecha de entrada en vigor y, en algunos casos, proporcionando un aviso adicional (como un banner en nuestro sitio web o una notificaci\u00f3n por correo electr\u00f3nico).<\/p>\n\n\n\n<p>Le recomendamos que revise esta Pol\u00edtica de Privacidad cada vez que acceda a nuestros Servicios para mantenerse informado sobre nuestras pr\u00e1cticas de informaci\u00f3n.<\/p>\n\n\n\n<h2 class=\"wp-block-heading\">Cont\u00e1ctenos<\/h2>\n\n\n\n<p>Si tiene preguntas, inquietudes o comentarios sobre esta Pol\u00edtica de Privacidad o nuestras pr\u00e1cticas de privacidad, comun\u00edquese con nosotros en:<\/p>\n\n\n\n<p>Correo electr\u00f3nico:&nbsp;<a href=\"mailto:excelsis@onigiri.ph\">excelsis@onigiri.ph<\/a><br>Onigiri Marketing Campaign Services<br>Calle Balangasan, Edificio Onigiri<br>Filipinas<\/p>\n\n\n\n<p>Su privacidad es importante para nosotros. Estamos comprometidos a ser transparentes sobre nuestras pr\u00e1cticas de datos y a brindarle un control significativo sobre su informaci\u00f3n. Gracias por confiar en Suki Card con sus datos personales.<\/p>\n\n\n\n<p>Fecha de entrada en vigor: 20 de diciembre de 2022<br>\u00daltima actualizaci\u00f3n: 20 de marzo de 2025<\/p>\n\n\n\n<p><\/p>\n","protected":false},"excerpt":{"rendered":"<p>Fecha de entrada en vigor: [2023\/7\/20] Esta pol\u00edtica de privacidad integral describe nuestro compromiso de proteger su informaci\u00f3n personal cuando utiliza los sitios web de Onigiri Suki Card, los servicios del programa de lealtad y las aplicaciones relacionadas (colectivamente, nuestros \u00abServicios\u00bb). Este documento detalla c\u00f3mo su informaci\u00f3n es recopilada, utilizada, divulgada y protegida por Suki [&hellip;]<\/p>\n","protected":false},"author":1,"featured_media":0,"parent":0,"menu_order":0,"comment_status":"closed","ping_status":"closed","template":"","meta":{"_surecart_dashboard_logo_width":"180px","_surecart_dashboard_show_logo":true,"_surecart_dashboard_navigation_orders":true,"_surecart_dashboard_navigation_invoices":true,"_surecart_dashboard_navigation_subscriptions":true,"_surecart_dashboard_navigation_downloads":true,"_surecart_dashboard_navigation_billing":true,"_surecart_dashboard_navigation_account":true,"footnotes":""},"class_list":["post-10385","page","type-page","status-publish","hentry"],"_links":{"self":[{"href":"https:\/\/onigiri.webtomo.com\/es\/wp-json\/wp\/v2\/pages\/10385","targetHints":{"allow":["GET"]}}],"collection":[{"href":"https:\/\/onigiri.webtomo.com\/es\/wp-json\/wp\/v2\/pages"}],"about":[{"href":"https:\/\/onigiri.webtomo.com\/es\/wp-json\/wp\/v2\/types\/page"}],"author":[{"embeddable":true,"href":"https:\/\/onigiri.webtomo.com\/es\/wp-json\/wp\/v2\/users\/1"}],"replies":[{"embeddable":true,"href":"https:\/\/onigiri.webtomo.com\/es\/wp-json\/wp\/v2\/comments?post=10385"}],"version-history":[{"count":4,"href":"https:\/\/onigiri.webtomo.com\/es\/wp-json\/wp\/v2\/pages\/10385\/revisions"}],"predecessor-version":[{"id":10397,"href":"https:\/\/onigiri.webtomo.com\/es\/wp-json\/wp\/v2\/pages\/10385\/revisions\/10397"}],"wp:attachment":[{"href":"https:\/\/onigiri.webtomo.com\/es\/wp-json\/wp\/v2\/media?parent=10385"}],"curies":[{"name":"wp","href":"https:\/\/api.w.org\/{rel}","templated":true}]}}