{"id":10400,"date":"2022-05-14T12:39:42","date_gmt":"2022-05-14T03:39:42","guid":{"rendered":"https:\/\/onigiri.ph\/terms-of-use\/"},"modified":"2025-03-27T22:49:28","modified_gmt":"2025-03-27T13:49:28","slug":"terms-of-use","status":"publish","type":"page","link":"https:\/\/onigiri.webtomo.com\/es\/terms-of-use\/","title":{"rendered":"T\u00e9rminos de Uso"},"content":{"rendered":"\n<hr class=\"wp-block-separator has-alpha-channel-opacity\"\/>\n\n\n\n<p>Fecha de entrada en vigor: [2022\/12\/20]<\/p>\n\n\n\n<h2 class=\"wp-block-heading\">VISI\u00d3N GENERAL<\/h2>\n\n\n\n<p>Este sitio web es operado por Onigiri Suki-Card. A lo largo del sitio, los t\u00e9rminos \u00abnosotros\u00bb, \u00abnos\u00bb y \u00abnuestro\u00bb se refieren a Onigiri Suki-Card. Onigiri Suki-Card ofrece este sitio web, incluyendo toda la informaci\u00f3n, herramientas y servicios disponibles en este sitio para usted, el usuario, condicionado a su aceptaci\u00f3n de todos los t\u00e9rminos, condiciones, pol\u00edticas y avisos aqu\u00ed establecidos.<\/p>\n\n\n\n<p>Al visitar nuestro sitio y\/o comprar algo de nosotros, usted participa en nuestro \u00abServicio\u00bb y acepta estar sujeto a los siguientes t\u00e9rminos y condiciones (\u00abT\u00e9rminos de Servicio\u00bb, \u00abT\u00e9rminos\u00bb), incluyendo aquellos t\u00e9rminos y condiciones adicionales y pol\u00edticas referenciadas aqu\u00ed y\/o disponibles mediante hiperv\u00ednculo. Estos T\u00e9rminos de Servicio se aplican a todos los usuarios del sitio, incluyendo sin limitaci\u00f3n a usuarios que son navegantes, vendedores, clientes, comerciantes y\/o contribuyentes de contenido.<\/p>\n\n\n\n<p>Por favor, lea estos T\u00e9rminos de Servicio cuidadosamente antes de acceder o usar nuestro sitio web. Al acceder o usar cualquier parte del sitio, usted acepta estar sujeto a estos T\u00e9rminos de Servicio. Si no est\u00e1 de acuerdo con todos los t\u00e9rminos y condiciones de este acuerdo, entonces no podr\u00e1 acceder al sitio web ni usar ning\u00fan servicio. Si estos T\u00e9rminos de Servicio se consideran una oferta, la aceptaci\u00f3n se limita expresamente a estos T\u00e9rminos de Servicio.<\/p>\n\n\n\n<p>Cualquier nueva caracter\u00edstica o herramienta que se agregue a la tienda actual tambi\u00e9n estar\u00e1 sujeta a los T\u00e9rminos de Servicio. Puede revisar la versi\u00f3n m\u00e1s actual de los T\u00e9rminos de Servicio en cualquier momento en esta p\u00e1gina. Nos reservamos el derecho de actualizar, cambiar o reemplazar cualquier parte de estos T\u00e9rminos de Servicio publicando actualizaciones y\/o cambios en nuestro sitio web. Es su responsabilidad revisar esta p\u00e1gina peri\u00f3dicamente para cambios. Su uso continuo o acceso al sitio web despu\u00e9s de la publicaci\u00f3n de cualquier cambio constituye aceptaci\u00f3n de esos cambios.<\/p>\n\n\n\n<p>Nuestra tienda est\u00e1 alojada en Xserver Japan. Ellos nos proporcionan la plataforma de comercio electr\u00f3nico en l\u00ednea que nos permite vender nuestros productos y servicios a usted.<\/p>\n\n\n\n<h2 class=\"wp-block-heading\">SECCI\u00d3N 1 \u2013 T\u00c9RMINOS DE LA TIENDA EN L\u00cdNEA<\/h2>\n\n\n\n<p>Al aceptar estos T\u00e9rminos de Servicio, usted declara que tiene al menos la edad de mayor\u00eda en su estado o provincia de residencia, o que tiene la edad de mayor\u00eda en su estado o provincia de residencia y nos ha dado su consentimiento para permitir que cualquiera de sus dependientes menores use este sitio.<\/p>\n\n\n\n<p>No puede usar nuestros productos para ning\u00fan prop\u00f3sito ilegal o no autorizado, ni puede, en el uso del Servicio, violar ninguna ley en su jurisdicci\u00f3n (incluyendo pero no limitado a leyes de derechos de autor).<\/p>\n\n\n\n<p>No debe transmitir ning\u00fan gusano o virus o cualquier c\u00f3digo de naturaleza destructiva.<\/p>\n\n\n\n<p>Una violaci\u00f3n o incumplimiento de cualquiera de los T\u00e9rminos resultar\u00e1 en la terminaci\u00f3n inmediata de sus Servicios.<\/p>\n\n\n\n<h2 class=\"wp-block-heading\">SECCI\u00d3N 2 \u2013 CONDICIONES GENERALES<\/h2>\n\n\n\n<p>Nos reservamos el derecho de rechazar el servicio a cualquier persona por cualquier motivo en cualquier momento.<\/p>\n\n\n\n<p>Usted entiende que su contenido (sin incluir informaci\u00f3n de tarjeta de cr\u00e9dito), puede ser transferido sin cifrado e involucrar (a) transmisiones a trav\u00e9s de varias redes; y (b) cambios para conformarse y adaptarse a los requisitos t\u00e9cnicos de redes o dispositivos conectados. La informaci\u00f3n de la tarjeta de cr\u00e9dito siempre est\u00e1 cifrada durante la transferencia a trav\u00e9s de redes.<\/p>\n\n\n\n<p>Usted acepta no reproducir, duplicar, copiar, vender, revender o explotar ninguna parte del Servicio, el uso del Servicio, o el acceso al Servicio o cualquier contacto en el sitio web a trav\u00e9s del cual se proporciona el servicio, sin el permiso expreso por escrito de nuestra parte.<\/p>\n\n\n\n<p>Los encabezados utilizados en este acuerdo se incluyen solo por conveniencia y no limitar\u00e1n ni afectar\u00e1n de ninguna otra manera estos T\u00e9rminos.<\/p>\n\n\n\n<h2 class=\"wp-block-heading\">SECCI\u00d3N 3 \u2013 PRECISI\u00d3N, COMPLETUD Y OPORTUNIDAD DE LA INFORMACI\u00d3N<\/h2>\n\n\n\n<p>No somos responsables si la informaci\u00f3n disponible en este sitio no es precisa, completa o actual. El material en este sitio se proporciona solo para informaci\u00f3n general y no debe ser confiado o utilizado como la \u00fanica base para tomar decisiones sin consultar fuentes de informaci\u00f3n primarias, m\u00e1s precisas, m\u00e1s completas o m\u00e1s oportunas. Cualquier confianza en el material en este sitio es bajo su propio riesgo.<\/p>\n\n\n\n<p>Este sitio puede contener cierta informaci\u00f3n hist\u00f3rica. La informaci\u00f3n hist\u00f3rica, por necesidad, no es actual y se proporciona solo para su referencia. Nos reservamos el derecho de modificar el contenido de este sitio en cualquier momento, pero no tenemos la obligaci\u00f3n de actualizar ninguna informaci\u00f3n en nuestro sitio. Usted acepta que es su responsabilidad monitorear los cambios en nuestro sitio.<\/p>\n\n\n\n<h2 class=\"wp-block-heading\">SECCI\u00d3N 4 \u2013 MODIFICACIONES AL SERVICIO Y PRECIOS<\/h2>\n\n\n\n<p>Los precios de nuestros productos est\u00e1n sujetos a cambios sin previo aviso.<\/p>\n\n\n\n<p>Nos reservamos el derecho en cualquier momento de modificar o descontinuar el Servicio (o cualquier parte o contenido del mismo) sin previo aviso en cualquier momento.<\/p>\n\n\n\n<p>No seremos responsables ante usted o ante ning\u00fan tercero por cualquier modificaci\u00f3n, cambio de precio, suspensi\u00f3n o descontinuaci\u00f3n del Servicio.<\/p>\n\n\n\n<h2 class=\"wp-block-heading\">SECCI\u00d3N 5 \u2013 PRODUCTOS O SERVICIOS (si corresponde)<\/h2>\n\n\n\n<p>Ciertos productos o Servicios pueden estar disponibles exclusivamente en l\u00ednea a trav\u00e9s del sitio web. Estos productos o Servicios pueden tener cantidades limitadas y est\u00e1n sujetos a devoluci\u00f3n o cambio solo de acuerdo con nuestra Pol\u00edtica de Devoluciones. Para ver nuestra Pol\u00edtica de Devoluciones, visite nuestra pol\u00edtica de privacidad.<\/p>\n\n\n\n<p>Hemos hecho todo lo posible para mostrar con la mayor precisi\u00f3n posible los colores e im\u00e1genes de nuestros productos que aparecen en la tienda. No podemos garantizar que la pantalla de su computadora muestre con precisi\u00f3n cualquier color.<\/p>\n\n\n\n<p>Nos reservamos el derecho, pero no estamos obligados, a limitar las ventas de nuestros productos o Servicios a cualquier persona, regi\u00f3n geogr\u00e1fica o jurisdicci\u00f3n. Podemos ejercer este derecho caso por caso. Nos reservamos el derecho de limitar las cantidades de cualquier producto o Servicio que ofrecemos. Todas las descripciones de productos o precios de productos est\u00e1n sujetas a cambios en cualquier momento sin previo aviso, a nuestra sola discreci\u00f3n. Nos reservamos el derecho de descontinuar cualquier producto en cualquier momento. Cualquier oferta de cualquier producto o servicio hecha en este sitio es nula donde est\u00e9 prohibida.<\/p>\n\n\n\n<p>No garantizamos que la calidad de cualquier producto, Servicio, informaci\u00f3n u otro material comprado u obtenido por usted cumpla con sus expectativas, o que se corregir\u00e1n errores en el Servicio.<\/p>\n\n\n\n<h2 class=\"wp-block-heading\">SECCI\u00d3N 6 \u2013 PRECISI\u00d3N DE LA FACTURACI\u00d3N E INFORMACI\u00d3N DE CUENTA<\/h2>\n\n\n\n<p>Nos reservamos el derecho de rechazar cualquier pedido que realice con nosotros. Podemos, a nuestra sola discreci\u00f3n, limitar o cancelar cantidades compradas por persona, por hogar o por pedido. Estas restricciones pueden incluir pedidos realizados por o bajo la misma cuenta de cliente, la misma tarjeta de cr\u00e9dito, y\/o pedidos que utilizan la misma direcci\u00f3n de facturaci\u00f3n y\/o env\u00edo. En caso de que realicemos un cambio o cancelemos un pedido, podemos intentar notificarle contactando al correo electr\u00f3nico y\/o direcci\u00f3n de facturaci\u00f3n\/n\u00famero de tel\u00e9fono proporcionado en el momento en que se realiz\u00f3 el pedido. Nos reservamos el derecho de limitar o prohibir pedidos que, a nuestro exclusivo juicio, parezcan ser realizados por comerciantes, revendedores o distribuidores.<\/p>\n\n\n\n<p>Usted acepta proporcionar informaci\u00f3n de compra y cuenta actual, completa y precisa para todas las compras realizadas en nuestra tienda. Acepta actualizar r\u00e1pidamente su cuenta y otra informaci\u00f3n, incluyendo su direcci\u00f3n de correo electr\u00f3nico y n\u00fameros de tarjetas de cr\u00e9dito y fechas de vencimiento, para que podamos completar sus transacciones y contactarlo seg\u00fan sea necesario.<\/p>\n\n\n\n<p>Para m\u00e1s detalles, consulte nuestra Pol\u00edtica de Devoluciones.<\/p>\n\n\n\n<h2 class=\"wp-block-heading\">SECCI\u00d3N 7 \u2013 HERRAMIENTAS OPCIONALES<\/h2>\n\n\n\n<p>Podemos proporcionarle acceso a herramientas de terceros sobre las cuales no monitoreamos ni tenemos control ni entrada.<\/p>\n\n\n\n<p>Usted reconoce y acepta que proporcionamos acceso a dichas herramientas \u00abtal cual\u00bb y \u00abseg\u00fan disponibilidad\u00bb sin garant\u00edas, representaciones o condiciones de ning\u00fan tipo y sin ning\u00fan respaldo. No tendremos ninguna responsabilidad que surja de o est\u00e9 relacionada con su uso de herramientas opcionales de terceros.<\/p>\n\n\n\n<p>Cualquier uso que usted haga de las herramientas opcionales ofrecidas a trav\u00e9s del sitio es completamente bajo su propio riesgo y discreci\u00f3n y debe asegurarse de que est\u00e1 familiarizado y aprueba los t\u00e9rminos bajo los cuales las herramientas son proporcionadas por los proveedores de terceros relevantes.<\/p>\n\n\n\n<p>Tambi\u00e9n podemos, en el futuro, ofrecer nuevos Servicios y\/o caracter\u00edsticas a trav\u00e9s del sitio web (incluyendo, el lanzamiento de nuevas herramientas y recursos). Dichas nuevas caracter\u00edsticas y\/o Servicios tambi\u00e9n estar\u00e1n sujetos a estos T\u00e9rminos de Servicio.<\/p>\n\n\n\n<h2 class=\"wp-block-heading\">SECCI\u00d3N 8 \u2013 ENLACES A TERCEROS<\/h2>\n\n\n\n<p>Ciertos contenidos, productos y Servicios disponibles a trav\u00e9s de nuestro Servicio pueden incluir materiales de terceros.<\/p>\n\n\n\n<p>Los enlaces de terceros en este sitio pueden dirigirlo a sitios web de terceros que no est\u00e1n afiliados a nosotros. No somos responsables de examinar o evaluar el contenido o la precisi\u00f3n y no garantizamos y no tendremos ninguna responsabilidad o responsabilidad por cualquier material o sitio web de terceros, o por cualquier otro material, producto o Servicio de terceros.<\/p>\n\n\n\n<p>No somos responsables de ning\u00fan da\u00f1o o perjuicio relacionado con la compra o uso de bienes, Servicios, recursos, contenido o cualquier otra transacci\u00f3n realizada en conexi\u00f3n con sitios web de terceros. Revise cuidadosamente las pol\u00edticas y pr\u00e1cticas de terceros y aseg\u00farese de que las comprende antes de participar en cualquier transacci\u00f3n. Las quejas, reclamaciones, preocupaciones o preguntas relacionadas con productos de terceros deben dirigirse al tercero.<\/p>\n\n\n\n<h2 class=\"wp-block-heading\">SECCI\u00d3N 9 \u2013 COMENTARIOS DEL USUARIO, RETROALIMENTACI\u00d3N Y OTRAS PRESENTACIONES<\/h2>\n\n\n\n<p>Si, a nuestra solicitud, env\u00eda ciertas presentaciones espec\u00edficas (por ejemplo, entradas de concursos) o sin una solicitud nuestra env\u00eda ideas creativas, sugerencias, propuestas, planes u otros materiales, ya sea en l\u00ednea, por correo electr\u00f3nico, por correo postal o de otro modo (colectivamente, \u00abcomentarios\u00bb), usted acepta que podemos, en cualquier momento, sin restricci\u00f3n, editar, copiar, publicar, distribuir, traducir y utilizar en cualquier medio cualquier comentario que nos env\u00ede. No estamos obligados (1) a mantener ning\u00fan comentario en confidencialidad; (2) a pagar compensaci\u00f3n por ning\u00fan comentario; o (3) a responder a ning\u00fan comentario.<\/p>\n\n\n\n<p>Podemos, pero no tenemos la obligaci\u00f3n de, monitorear, editar o eliminar contenido que determinemos a nuestra sola discreci\u00f3n que sea ilegal, ofensivo, amenazante, difamatorio, calumnioso, pornogr\u00e1fico, obsceno o de otro modo objetable o que viole los derechos de propiedad intelectual de cualquier parte o estos T\u00e9rminos de Servicio.<\/p>\n\n\n\n<p>Usted acepta que sus comentarios no violar\u00e1n ning\u00fan derecho de ning\u00fan tercero, incluyendo derechos de autor, marcas registradas, privacidad, personalidad u otro derecho personal o de propiedad. Adem\u00e1s, acepta que sus comentarios no contendr\u00e1n material difamatorio o de otro modo ilegal, abusivo u obsceno, o que contengan cualquier virus inform\u00e1tico u otro malware que pueda afectar de alguna manera el funcionamiento del Servicio o de cualquier sitio web relacionado. No puede usar una direcci\u00f3n de correo electr\u00f3nico falsa, hacerse pasar por alguien que no sea usted mismo, o de otro modo enga\u00f1arnos o a terceros sobre el origen de cualquier comentario. Usted es el \u00fanico responsable de cualquier comentario que haga y de su precisi\u00f3n. No asumimos ninguna responsabilidad y no tenemos ninguna obligaci\u00f3n por los comentarios publicados por usted o cualquier tercero.<\/p>\n\n\n\n<h2 class=\"wp-block-heading\">SECCI\u00d3N 10 \u2013 INFORMACI\u00d3N PERSONAL<\/h2>\n\n\n\n<p>Su presentaci\u00f3n de informaci\u00f3n personal a trav\u00e9s de la tienda est\u00e1 gobernada por nuestra Pol\u00edtica de Privacidad. Para ver nuestra Pol\u00edtica de Privacidad, visite nuestro sitio web.<\/p>\n\n\n\n<h2 class=\"wp-block-heading\">SECCI\u00d3N 11 \u2013 ERRORES, INEXACTITUDES Y OMISIONES<\/h2>\n\n\n\n<p>Ocasionalmente puede haber informaci\u00f3n en nuestro sitio o en el Servicio que contenga errores tipogr\u00e1ficos, inexactitudes u omisiones que puedan estar relacionadas con descripciones de productos, precios, promociones, ofertas, cargos de env\u00edo de productos, tiempos de tr\u00e1nsito y disponibilidad. Nos reservamos el derecho de corregir cualquier error, inexactitud u omisi\u00f3n, y de cambiar o actualizar informaci\u00f3n o cancelar pedidos si cualquier informaci\u00f3n en el Servicio o en cualquier sitio web relacionado es inexacta en cualquier momento sin previo aviso (incluso despu\u00e9s de que haya enviado su pedido).<\/p>\n\n\n\n<p>No asumimos ninguna obligaci\u00f3n de actualizar, enmendar o aclarar informaci\u00f3n en el Servicio o en cualquier sitio web relacionado, incluyendo sin limitaci\u00f3n, informaci\u00f3n de precios, excepto seg\u00fan lo requiera la ley. Ninguna fecha de actualizaci\u00f3n o renovaci\u00f3n especificada aplicada en el Servicio o en cualquier sitio web relacionado debe tomarse como indicativa de que toda la informaci\u00f3n en el Servicio o en cualquier sitio web relacionado ha sido modificada o actualizada.<\/p>\n\n\n\n<h2 class=\"wp-block-heading\">SECCI\u00d3N 12 \u2013 USOS PROHIBIDOS<\/h2>\n\n\n\n<p>Adem\u00e1s de otras prohibiciones establecidas en los T\u00e9rminos de Servicio, se proh\u00edbe el uso del sitio o su contenido:<\/p>\n\n\n\n<ul class=\"wp-block-list\">\n<li>(a) para cualquier prop\u00f3sito ilegal;<\/li>\n\n\n\n<li>(b) para solicitar a otros que realicen o participen en actos ilegales;<\/li>\n\n\n\n<li>(c) para violar cualquier regulaci\u00f3n, regla, ley o ordenanza internacional, federal, provincial o estatal;<\/li>\n\n\n\n<li>(d) para infringir o violar nuestros derechos de propiedad intelectual o los derechos de propiedad intelectual de otros;<\/li>\n\n\n\n<li>(e) para acosar, abusar, insultar, da\u00f1ar, difamar, calumniar, menospreciar, intimidar o discriminar por motivos de g\u00e9nero, orientaci\u00f3n sexual, religi\u00f3n, etnia, raza, edad, origen nacional o discapacidad;<\/li>\n\n\n\n<li>(f) para presentar informaci\u00f3n falsa o enga\u00f1osa;<\/li>\n\n\n\n<li>(g) para cargar o transmitir virus o cualquier otro tipo de c\u00f3digo malicioso que se pueda usar de cualquier manera que afecte la funcionalidad o el funcionamiento del Servicio o de cualquier sitio web relacionado, otros sitios web o Internet;<\/li>\n\n\n\n<li>(h) para recopilar o rastrear la informaci\u00f3n personal de otros;<\/li>\n\n\n\n<li>(i) para enviar spam, phishing, pharm, pretext, spider, crawl o scrape;<\/li>\n\n\n\n<li>(j) para cualquier prop\u00f3sito obsceno o inmoral; o<\/li>\n\n\n\n<li>(k) para interferir o eludir las caracter\u00edsticas de seguridad del Servicio o de cualquier sitio web relacionado, otros sitios web o Internet. Nos reservamos el derecho de terminar su uso del Servicio o de cualquier sitio web relacionado por violar cualquiera de los usos prohibidos.<\/li>\n<\/ul>\n\n\n\n<h2 class=\"wp-block-heading\">SECCI\u00d3N 13 \u2013 DESCARGO DE RESPONSABILIDAD DE GARANT\u00cdAS; LIMITACI\u00d3N DE RESPONSABILIDAD<\/h2>\n\n\n\n<p>No garantizamos, representamos ni garantizamos que su uso de nuestro servicio ser\u00e1 ininterrumpido, oportuno, seguro o libre de errores.<\/p>\n\n\n\n<p>No garantizamos que los resultados que se puedan obtener del uso del servicio ser\u00e1n precisos o confiables.<\/p>\n\n\n\n<p>Acepta que de vez en cuando podemos eliminar el servicio por per\u00edodos indefinidos de tiempo o cancelar el servicio en cualquier momento, sin previo aviso. Acepta expresamente que su uso de, o incapacidad para usar, el servicio es bajo su propio riesgo. El servicio y todos los productos y servicios entregados a usted a trav\u00e9s del servicio son (excepto seg\u00fan lo expresamente indicado por nosotros) proporcionados \u00abtal cual\u00bb y \u00abseg\u00fan disponibilidad\u00bb para su uso, sin ninguna representaci\u00f3n, garant\u00edas o condiciones de ning\u00fan tipo, ya sean expresas o impl\u00edcitas, incluyendo todas las garant\u00edas o condiciones impl\u00edcitas de comerciabilidad, calidad comercial, idoneidad para un prop\u00f3sito particular, durabilidad, t\u00edtulo y no infracci\u00f3n.<\/p>\n\n\n\n<p>En ning\u00fan caso Onigiri Suki-Card, nuestros directores, funcionarios, empleados, afiliados, agentes, contratistas, pasantes, proveedores, prestadores de servicios o licenciantes ser\u00e1n responsables de ninguna lesi\u00f3n, p\u00e9rdida, reclamaci\u00f3n, o cualquier da\u00f1o directo, indirecto, incidental, punitivo, especial o consecuente de cualquier tipo, incluyendo, sin limitaci\u00f3n, p\u00e9rdida de ganancias, p\u00e9rdida de ingresos, p\u00e9rdida de ahorros, p\u00e9rdida de datos, costos de reemplazo, o cualquier da\u00f1o similar, ya sea basado en contrato, agravio (incluyendo negligencia), responsabilidad estricta o de otro modo, que surja de su uso de cualquiera de los servicios o de cualquier producto obtenido utilizando el servicio, o por cualquier otra reclamaci\u00f3n relacionada de cualquier manera con su uso del servicio o de cualquier producto, incluyendo, pero no limitado a, cualquier error u omisi\u00f3n en cualquier contenido, o cualquier p\u00e9rdida o da\u00f1o de cualquier tipo incurrido como resultado del uso del servicio o de cualquier contenido (o producto) publicado, transmitido o de otro modo puesto a disposici\u00f3n a trav\u00e9s del servicio, incluso si se le ha advertido de su posibilidad.<\/p>\n\n\n\n<p>Debido a que algunos estados o jurisdicciones no permiten la exclusi\u00f3n o limitaci\u00f3n de responsabilidad por da\u00f1os consecuentes o incidentales, en tales estados o jurisdicciones, nuestra responsabilidad se limitar\u00e1 al m\u00e1ximo permitido por la ley.<\/p>\n\n\n\n<h2 class=\"wp-block-heading\">SECCI\u00d3N 14 \u2013 INDEMNIZACI\u00d3N<\/h2>\n\n\n\n<p>Acepta indemnizar, defender y mantener indemne a Onigiri Suki-Card y a nuestra empresa matriz, subsidiarias, afiliados, socios, funcionarios, directores, agentes, contratistas, licenciantes, proveedores de servicios, subcontratistas, proveedores, pasantes y empleados, de cualquier reclamaci\u00f3n o demanda, incluyendo honorarios razonables de abogados, presentada por un tercero debido a o que surja de su incumplimiento de estos T\u00e9rminos de Servicio o de los documentos que incorporan por referencia, o su violaci\u00f3n de cualquier ley o de los derechos de un tercero.<\/p>\n\n\n\n<h2 class=\"wp-block-heading\">SECCI\u00d3N 15 \u2013 SEPARABILIDAD<\/h2>\n\n\n\n<p>En caso de que se determine que cualquier disposici\u00f3n de estos T\u00e9rminos de Servicio es ilegal, nula o inaplicable, dicha disposici\u00f3n ser\u00e1, no obstante, aplicable en la m\u00e1xima medida permitida por la ley aplicable, y la parte inaplicable se considerar\u00e1 separada de estos T\u00e9rminos de Servicio, y dicha determinaci\u00f3n no afectar\u00e1 la validez y aplicabilidad de cualquier otra disposici\u00f3n restante.<\/p>\n\n\n\n<h2 class=\"wp-block-heading\">SECCI\u00d3N 16 \u2013 TERMINACI\u00d3N<\/h2>\n\n\n\n<p>Las obligaciones y responsabilidades de las partes incurridas antes de la fecha de terminaci\u00f3n sobrevivir\u00e1n a la terminaci\u00f3n de este acuerdo para todos los prop\u00f3sitos.<\/p>\n\n\n\n<p>Estos T\u00e9rminos de Servicio son efectivos a menos y hasta que sean terminados por usted o por nosotros. Puede terminar estos T\u00e9rminos de Servicio en cualquier momento notific\u00e1ndonos que ya no desea utilizar nuestros Servicios, o cuando deje de utilizar nuestro sitio.<\/p>\n\n\n\n<p>Si, a nuestro exclusivo juicio, usted no cumple, o sospechamos que no ha cumplido, con cualquier t\u00e9rmino o disposici\u00f3n de estos T\u00e9rminos de Servicio, tambi\u00e9n podemos terminar este acuerdo en cualquier momento sin previo aviso y usted seguir\u00e1 siendo responsable de todas las cantidades adeudadas hasta e incluyendo la fecha de terminaci\u00f3n; y\/o en consecuencia, podemos negarle el acceso a nuestros Servicios (o cualquier parte de los mismos).<\/p>\n\n\n\n<h2 class=\"wp-block-heading\">SECCI\u00d3N 17 \u2013 ACUERDO COMPLETO<\/h2>\n\n\n\n<p>El hecho de que no ejerzamos o hagamos cumplir cualquier derecho o disposici\u00f3n de estos T\u00e9rminos de Servicio no constituir\u00e1 una renuncia a dicho derecho o disposici\u00f3n.<\/p>\n\n\n\n<p>Estos T\u00e9rminos de Servicio y cualquier pol\u00edtica o regla de operaci\u00f3n publicada por nosotros en este sitio o en relaci\u00f3n con el Servicio constituyen el acuerdo y entendimiento completo entre usted y nosotros y rigen su uso del Servicio, reemplazando cualquier acuerdo, comunicaci\u00f3n y propuesta anterior o contempor\u00e1nea, ya sea oral o escrita, entre usted y nosotros (incluyendo, pero no limitado a, cualquier versi\u00f3n anterior de los T\u00e9rminos de Servicio).<\/p>\n\n\n\n<p>Cualquier ambig\u00fcedad en la interpretaci\u00f3n de estos T\u00e9rminos de Servicio no se interpretar\u00e1 en contra de la parte que los redact\u00f3.<\/p>\n\n\n\n<h2 class=\"wp-block-heading\">SECCI\u00d3N 18 \u2013 LEY APLICABLE<\/h2>\n\n\n\n<p>Estos T\u00e9rminos de Servicio y cualquier acuerdo separado mediante el cual le proporcionamos Servicios se regir\u00e1n e interpretar\u00e1n de acuerdo con las leyes de Filipinas.<\/p>\n\n\n\n<h2 class=\"wp-block-heading\">SECCI\u00d3N 19 \u2013 CAMBIOS EN LOS T\u00c9RMINOS DE SERVICIO<\/h2>\n\n\n\n<p>Puede revisar la versi\u00f3n m\u00e1s actual de los T\u00e9rminos de Servicio en cualquier momento en esta p\u00e1gina.<\/p>\n\n\n\n<p>Nos reservamos el derecho, a nuestra sola discreci\u00f3n, de actualizar, cambiar o reemplazar cualquier parte de estos T\u00e9rminos de Servicio publicando actualizaciones y cambios en nuestro sitio web. Es su responsabilidad revisar nuestro sitio peri\u00f3dicamente para cambios. Su uso continuo o acceso a nuestro sitio web o al Servicio despu\u00e9s de la publicaci\u00f3n de cualquier cambio en estos T\u00e9rminos de Servicio constituye aceptaci\u00f3n de esos cambios.<\/p>\n\n\n\n<h2 class=\"wp-block-heading\">SECCI\u00d3N 20 \u2013 INFORMACI\u00d3N DE CONTACTO<\/h2>\n\n\n\n<p>Las preguntas sobre los T\u00e9rminos de Servicio deben enviarse a nosotros a&nbsp;<a href=\"mailto:excelsis@onigiri.ph\">excelsis@onigiri.ph<\/a>.<\/p>\n\n\n\n<p>Nuestra informaci\u00f3n de contacto se publica a continuaci\u00f3n:<\/p>\n\n\n\n<p>Onigiri Suki-Card<br><a href=\"mailto:excelsis@onigiri.ph\">excelsis@onigiri.ph<\/a><\/p>\n\n\n\n<p>Fecha de entrada en vigor: [2022\/12\/20]<\/p>\n","protected":false},"excerpt":{"rendered":"<p>Fecha de entrada en vigor: [2022\/12\/20] VISI\u00d3N GENERAL Este sitio web es operado por Onigiri Suki-Card. A lo largo del sitio, los t\u00e9rminos \u00abnosotros\u00bb, \u00abnos\u00bb y \u00abnuestro\u00bb se refieren a Onigiri Suki-Card. Onigiri Suki-Card ofrece este sitio web, incluyendo toda la informaci\u00f3n, herramientas y servicios disponibles en este sitio para usted, el usuario, condicionado a [&hellip;]<\/p>\n","protected":false},"author":1,"featured_media":0,"parent":0,"menu_order":0,"comment_status":"closed","ping_status":"closed","template":"","meta":{"_surecart_dashboard_logo_width":"180px","_surecart_dashboard_show_logo":true,"_surecart_dashboard_navigation_orders":true,"_surecart_dashboard_navigation_invoices":true,"_surecart_dashboard_navigation_subscriptions":true,"_surecart_dashboard_navigation_downloads":true,"_surecart_dashboard_navigation_billing":true,"_surecart_dashboard_navigation_account":true,"footnotes":""},"class_list":["post-10400","page","type-page","status-publish","hentry"],"_links":{"self":[{"href":"https:\/\/onigiri.webtomo.com\/es\/wp-json\/wp\/v2\/pages\/10400","targetHints":{"allow":["GET"]}}],"collection":[{"href":"https:\/\/onigiri.webtomo.com\/es\/wp-json\/wp\/v2\/pages"}],"about":[{"href":"https:\/\/onigiri.webtomo.com\/es\/wp-json\/wp\/v2\/types\/page"}],"author":[{"embeddable":true,"href":"https:\/\/onigiri.webtomo.com\/es\/wp-json\/wp\/v2\/users\/1"}],"replies":[{"embeddable":true,"href":"https:\/\/onigiri.webtomo.com\/es\/wp-json\/wp\/v2\/comments?post=10400"}],"version-history":[{"count":2,"href":"https:\/\/onigiri.webtomo.com\/es\/wp-json\/wp\/v2\/pages\/10400\/revisions"}],"predecessor-version":[{"id":10405,"href":"https:\/\/onigiri.webtomo.com\/es\/wp-json\/wp\/v2\/pages\/10400\/revisions\/10405"}],"wp:attachment":[{"href":"https:\/\/onigiri.webtomo.com\/es\/wp-json\/wp\/v2\/media?parent=10400"}],"curies":[{"name":"wp","href":"https:\/\/api.w.org\/{rel}","templated":true}]}}